{"id":7,"date":"2013-12-31T23:21:29","date_gmt":"2013-12-31T21:21:29","guid":{"rendered":"http:\/\/www.phreservi.fi\/?page_id=7"},"modified":"2025-11-05T12:36:54","modified_gmt":"2025-11-05T10:36:54","slug":"hallitus","status":"publish","type":"page","link":"https:\/\/www.phreservi.fi\/?page_id=7","title":{"rendered":"Hallitus"},"content":{"rendered":"<p>Koko hallituksen tavoitat osoitteesta hallitus \u00e4t phreservi.fi<\/p>\n<p>Kaikkien henkil\u00f6iden s\u00e4hk\u00f6postiosoitteet ovat muotoa etunimi.sukunimi \u00e4t phreservi.fi<\/p>\n<p>Piirin s\u00e4\u00e4nn\u00f6t: <a href=\"http:\/\/www.phreservi.fi\/wp-content\/uploads\/uudet_saannot_28112022.pdf\">klikkaa t\u00e4st\u00e4<\/a><\/p>\n<p><b style=\"line-height: 1.5;\">Piirin johto:<\/b><\/p>\n<table border=\"0\" cellspacing=\"0\" cellpadding=\"0\">\n<tbody>\n<tr>\n<td valign=\"top\" width=\"140\">Puheenjohtaja<br \/>Jukka Koivisto<\/td>\n<td valign=\"top\" width=\"217\">040-751 5359<\/td>\n<\/tr>\n<tr>\n<td valign=\"top\" width=\"140\">1. Varapuheenjohtaja<br \/>Reko Tupala<\/td>\n<td valign=\"top\" width=\"217\">050-570 0408<\/td>\n<\/tr>\n<tr>\n<td valign=\"top\" width=\"140\">2. Varapuheenjohtaja<br \/>Elisa Suutari<\/td>\n<td valign=\"top\" width=\"217\">040-777 7543<\/td>\n<\/tr>\n<tr>\n<td valign=\"top\" width=\"140\">3. Varapuheenjohtaja<br \/>Erkki Vilja<\/td>\n<td valign=\"top\" width=\"217\">040-500 2757<\/td>\n<\/tr>\n<tr>\n<td valign=\"top\" width=\"140\">Toiminnanjohtaja<br \/>Marko Patrakka<\/td>\n<td valign=\"top\" width=\"217\">050-557 0761<\/td>\n<\/tr>\n<tr>\n<td valign=\"top\" width=\"140\">Nettivastaava<br \/>Miikka Hurmalainen<\/td>\n<td valign=\"top\" width=\"217\">\u00a0<\/td>\n<\/tr>\n<\/tbody>\n<\/table>\n<p><strong>Piirihallitus:<\/strong><\/p>\n<table border=\"0\" width=\"800\" cellpadding=\"0\" align=\"left\">\n<tbody>\n<tr>\n<td valign=\"top\" width=\"17%\"><b>Yhdistys<\/b><\/td>\n<td valign=\"top\" width=\"40%\"><b>RU<\/b><\/td>\n<td valign=\"top\" width=\"40%\"><b>RES\u00a0<\/b><\/td>\n<\/tr>\n<tr>\n<td valign=\"top\">Asikkala<\/td>\n<td valign=\"top\">Timo Lehto<br \/>040-512 6231<\/td>\n<td valign=\"top\">Markku Riukka<br \/>0400-897 545<\/td>\n<\/tr>\n<tr>\n<td valign=\"top\">Asikkala<\/td>\n<td valign=\"top\">\u00a0<\/td>\n<td valign=\"top\">Reko Tupala<br \/>050-570 0408<\/td>\n<\/tr>\n<tr>\n<td valign=\"top\">Hartola<\/td>\n<td valign=\"top\">\u00a0<\/td>\n<td valign=\"top\">Timo Rantanen<br \/>0400-753 009<\/td>\n<\/tr>\n<tr>\n<td valign=\"top\">Heinola<\/td>\n<td valign=\"top\">\u00a0<\/td>\n<td valign=\"top\">Simo Forsstr\u00f6m<\/td>\n<\/tr>\n<tr>\n<td valign=\"top\">Hollola<\/td>\n<td valign=\"top\">Heikki Eskola<\/td>\n<td valign=\"top\">\u00a0<\/td>\n<\/tr>\n<tr>\n<td valign=\"top\">H\u00e4meen-koski<\/td>\n<td valign=\"top\">\u00a0<\/td>\n<td valign=\"top\">\u00a0<\/td>\n<\/tr>\n<tr>\n<td valign=\"top\">K\u00e4rk\u00f6l\u00e4<\/td>\n<td valign=\"top\">Riku Paavola<br \/>040-762 9979<\/td>\n<td valign=\"top\">\u00a0<\/td>\n<\/tr>\n<tr>\n<td valign=\"top\">Lahti<\/td>\n<td valign=\"top\">Ilkka Jaakkola<\/td>\n<td valign=\"top\">Marko Pulkkinen<\/td>\n<\/tr>\n<tr>\n<td valign=\"top\">Lahti<\/td>\n<td valign=\"top\">Antti Suomalainen<br \/>044-582 3582<\/td>\n<td valign=\"top\">Timo Lahtinen<\/td>\n<\/tr>\n<tr>\n<td valign=\"top\">Lahti<\/td>\n<td valign=\"top\">\u00a0<\/td>\n<td valign=\"top\">Erkki Vilja<br \/>040-500 2757<\/td>\n<\/tr>\n<tr>\n<td valign=\"top\">Nastola<\/td>\n<td valign=\"top\">Elisa Suutari<br \/>040-777 7543<\/td>\n<td valign=\"top\">Marko Pietil\u00e4<br \/>040-551 0948<\/td>\n<\/tr>\n<tr>\n<td valign=\"top\">Orimattila<\/td>\n<td valign=\"top\">\u00a0<\/td>\n<td valign=\"top\">Simo Ojala<\/td>\n<\/tr>\n<tr>\n<td valign=\"top\">Padasjoki<\/td>\n<td valign=\"top\">Kimmo Per\u00e4l\u00e4<\/td>\n<td valign=\"top\">Sauli Kivinen<\/td>\n<\/tr>\n<tr>\n<td valign=\"top\">Sysm\u00e4<\/td>\n<td valign=\"top\">Janne-Pekka Juutilainen<br \/>0440-900 167<\/td>\n<td valign=\"top\">Timo Lehtinen<br \/>040-828 8426<\/td>\n<\/tr>\n<\/tbody>\n<\/table>\n\n\n<p><\/p>\n","protected":false},"excerpt":{"rendered":"<p>Koko hallituksen tavoitat osoitteesta hallitus \u00e4t phreservi.fi Kaikkien henkil\u00f6iden s\u00e4hk\u00f6postiosoitteet ovat muotoa etunimi.sukunimi \u00e4t phreservi.fi Piirin s\u00e4\u00e4nn\u00f6t: klikkaa t\u00e4st\u00e4 Piirin johto: PuheenjohtajaJukka Koivisto 040-751 5359 1. VarapuheenjohtajaReko Tupala 050-570 0408 2. VarapuheenjohtajaElisa Suutari 040-777 7543 3. VarapuheenjohtajaErkki Vilja 040-500 2757 ToiminnanjohtajaMarko Patrakka 050-557 0761 NettivastaavaMiikka Hurmalainen \u00a0 Piirihallitus: Yhdistys RU RES\u00a0 Asikkala Timo Lehto040-512 6231 [&hellip;]<\/p>\n","protected":false},"author":1,"featured_media":0,"parent":0,"menu_order":0,"comment_status":"closed","ping_status":"closed","template":"","meta":{"footnotes":""},"_links":{"self":[{"href":"https:\/\/www.phreservi.fi\/index.php?rest_route=\/wp\/v2\/pages\/7"}],"collection":[{"href":"https:\/\/www.phreservi.fi\/index.php?rest_route=\/wp\/v2\/pages"}],"about":[{"href":"https:\/\/www.phreservi.fi\/index.php?rest_route=\/wp\/v2\/types\/page"}],"author":[{"embeddable":true,"href":"https:\/\/www.phreservi.fi\/index.php?rest_route=\/wp\/v2\/users\/1"}],"replies":[{"embeddable":true,"href":"https:\/\/www.phreservi.fi\/index.php?rest_route=%2Fwp%2Fv2%2Fcomments&post=7"}],"version-history":[{"count":76,"href":"https:\/\/www.phreservi.fi\/index.php?rest_route=\/wp\/v2\/pages\/7\/revisions"}],"predecessor-version":[{"id":1274,"href":"https:\/\/www.phreservi.fi\/index.php?rest_route=\/wp\/v2\/pages\/7\/revisions\/1274"}],"wp:attachment":[{"href":"https:\/\/www.phreservi.fi\/index.php?rest_route=%2Fwp%2Fv2%2Fmedia&parent=7"}],"curies":[{"name":"wp","href":"https:\/\/api.w.org\/{rel}","templated":true}]}}