{"id":630,"date":"2018-01-20T10:43:44","date_gmt":"2018-01-20T08:43:44","guid":{"rendered":"http:\/\/www.phreservi.fi\/?page_id=630"},"modified":"2023-10-31T16:11:00","modified_gmt":"2023-10-31T14:11:00","slug":"maanpuolustustalo","status":"publish","type":"page","link":"https:\/\/www.phreservi.fi\/?page_id=630","title":{"rendered":"Maanpuolustustalo"},"content":{"rendered":"<p>Piirin toimitilat sijaitsevat Maanpuolustustalolla osoitteessa Yhdyskatu 25, 15170 Lahti.<\/p>\n<p><a href=\"https:\/\/anny.co\/b\/en\/maanpuolustustalo\/resources?view=list\">Maanpuolustustalon tilavarausj\u00e4rjestelm\u00e4\u00e4n p\u00e4\u00e4set klikkaamalla t\u00e4st\u00e4<\/a><\/p>\n<p>Tilavarausasioissa yhteyshenkil\u00f6n\u00e4 toimii piirin toiminnanjohtaja Marko Patrakka, etunimi.sukunimi \u00e4t phreservi.fi, 050-557 0761.<\/p>\n<p>K\u00e4ytt\u00e4j\u00e4tunnuksissa ja teknisess\u00e4 tuessa ota yhteys: mptaloadmin \u00e4t phreservi.fi<\/p>\n","protected":false},"excerpt":{"rendered":"<p>Piirin toimitilat sijaitsevat Maanpuolustustalolla osoitteessa Yhdyskatu 25, 15170 Lahti. Maanpuolustustalon tilavarausj\u00e4rjestelm\u00e4\u00e4n p\u00e4\u00e4set klikkaamalla t\u00e4st\u00e4 Tilavarausasioissa yhteyshenkil\u00f6n\u00e4 toimii piirin toiminnanjohtaja Marko Patrakka, etunimi.sukunimi \u00e4t phreservi.fi, 050-557 0761. K\u00e4ytt\u00e4j\u00e4tunnuksissa ja teknisess\u00e4 tuessa ota yhteys: mptaloadmin \u00e4t phreservi.fi<\/p>\n","protected":false},"author":1,"featured_media":0,"parent":7,"menu_order":0,"comment_status":"closed","ping_status":"closed","template":"","meta":{"footnotes":""},"_links":{"self":[{"href":"https:\/\/www.phreservi.fi\/index.php?rest_route=\/wp\/v2\/pages\/630"}],"collection":[{"href":"https:\/\/www.phreservi.fi\/index.php?rest_route=\/wp\/v2\/pages"}],"about":[{"href":"https:\/\/www.phreservi.fi\/index.php?rest_route=\/wp\/v2\/types\/page"}],"author":[{"embeddable":true,"href":"https:\/\/www.phreservi.fi\/index.php?rest_route=\/wp\/v2\/users\/1"}],"replies":[{"embeddable":true,"href":"https:\/\/www.phreservi.fi\/index.php?rest_route=%2Fwp%2Fv2%2Fcomments&post=630"}],"version-history":[{"count":8,"href":"https:\/\/www.phreservi.fi\/index.php?rest_route=\/wp\/v2\/pages\/630\/revisions"}],"predecessor-version":[{"id":1160,"href":"https:\/\/www.phreservi.fi\/index.php?rest_route=\/wp\/v2\/pages\/630\/revisions\/1160"}],"up":[{"embeddable":true,"href":"https:\/\/www.phreservi.fi\/index.php?rest_route=\/wp\/v2\/pages\/7"}],"wp:attachment":[{"href":"https:\/\/www.phreservi.fi\/index.php?rest_route=%2Fwp%2Fv2%2Fmedia&parent=630"}],"curies":[{"name":"wp","href":"https:\/\/api.w.org\/{rel}","templated":true}]}}