{"id":25,"date":"2013-12-31T23:26:14","date_gmt":"2013-12-31T21:26:14","guid":{"rendered":"http:\/\/www.phreservi.fi\/?page_id=25"},"modified":"2016-01-08T16:20:09","modified_gmt":"2016-01-08T14:20:09","slug":"linkit","status":"publish","type":"page","link":"https:\/\/www.phreservi.fi\/?page_id=25","title":{"rendered":"Linkit"},"content":{"rendered":"<p><span style=\"font-family: Verdana;\">Maanpuolustusj\u00e4rjest\u00f6j\u00e4<\/span><\/p>\n<ul>\n<li><span style=\"font-family: Verdana;\"><a href=\"http:\/\/www.rul.fi\/\/\">Suomen Reserviupseeriliitto ry, RUL ry<\/a><\/span><\/li>\n<li><span style=\"font-family: Verdana;\"><a href=\"http:\/\/www.reservilaisliitto.fi\/\">Reservil\u00e4isliitto ry, RES ry<\/a><\/span><\/li>\n<li><span style=\"font-family: Verdana;\"><a href=\"https:\/\/www.mpk.fi\/\">Maanpuolustuskoulutus, MPK<\/a><\/span><\/li>\n<li><span style=\"font-family: Verdana;\"><a href=\"http:\/\/www.resul.fi\/\">Reservil\u00e4isurheiluliitto ry, ResUL ry<\/a><\/span><\/li>\n<\/ul>\n<p><span style=\"font-family: Verdana;\">Valtiovalta<\/span><\/p>\n<ul>\n<li><span style=\"font-family: Verdana;\"><a href=\"http:\/\/www.puolustusvoimat.fi\/fi\/\">Puolustusvoimat<\/a><\/span><\/li>\n<\/ul>\n<p><span style=\"font-family: Verdana;\">Paikalliset j\u00e4rjest\u00f6t ja yhteis\u00f6t<\/span><\/p>\n<ul>\n<li><span style=\"font-family: Verdana;\"><a href=\"http:\/\/www.phreservi.fi\/?page_id=10\">P\u00e4ij\u00e4t-H\u00e4meen Reservipiirin kerhot<\/a><\/span><\/li>\n<li><span style=\"font-family: Verdana;\"><a href=\"http:\/\/www.spol.fi\/\">Sotilaspoliisi Eskatdroona Lahden Kilta ry<\/a><\/span><\/li>\n<li><span style=\"font-family: Verdana;\"><a href=\"http:\/\/www.lahti.fi\/\">Lahden kaupunki<\/a><\/span><\/li>\n<\/ul>\n<p><span style=\"font-family: Verdana;\">Maanpuolustusaiheisia linkkej\u00e4<\/span><\/p>\n<ul>\n<li><span style=\"font-family: Verdana;\"><a href=\"http:\/\/www.suomensotilas.fi\/\">Suomen Sotilas-lehti<\/a><\/span><\/li>\n<\/ul>\n<p>Keskustelufoorumeita<\/p>\n<ul>\n<li><span style=\"font-family: Verdana;\"><a href=\"http:\/\/www.toiminta-ampujat.fi\/phpBB\/\">Toiminta-Ampujat<\/a><\/span><\/li>\n<li><span style=\"font-family: Verdana;\"><a href=\"http:\/\/www.pkymasehist.fi\/phpBB2\/index.php\">Keskustelua asehistoriasta ja militariasta<\/a><\/span><\/li>\n<\/ul>\n<div><\/div>\n","protected":false},"excerpt":{"rendered":"<p>Maanpuolustusj\u00e4rjest\u00f6j\u00e4 Suomen Reserviupseeriliitto ry, RUL ry Reservil\u00e4isliitto ry, RES ry Maanpuolustuskoulutus, MPK Reservil\u00e4isurheiluliitto ry, ResUL ry Valtiovalta Puolustusvoimat Paikalliset j\u00e4rjest\u00f6t ja yhteis\u00f6t P\u00e4ij\u00e4t-H\u00e4meen Reservipiirin kerhot Sotilaspoliisi Eskatdroona Lahden Kilta ry Lahden kaupunki Maanpuolustusaiheisia linkkej\u00e4 Suomen Sotilas-lehti Keskustelufoorumeita Toiminta-Ampujat Keskustelua asehistoriasta ja militariasta<\/p>\n","protected":false},"author":1,"featured_media":0,"parent":0,"menu_order":0,"comment_status":"closed","ping_status":"closed","template":"","meta":{"footnotes":""},"_links":{"self":[{"href":"https:\/\/www.phreservi.fi\/index.php?rest_route=\/wp\/v2\/pages\/25"}],"collection":[{"href":"https:\/\/www.phreservi.fi\/index.php?rest_route=\/wp\/v2\/pages"}],"about":[{"href":"https:\/\/www.phreservi.fi\/index.php?rest_route=\/wp\/v2\/types\/page"}],"author":[{"embeddable":true,"href":"https:\/\/www.phreservi.fi\/index.php?rest_route=\/wp\/v2\/users\/1"}],"replies":[{"embeddable":true,"href":"https:\/\/www.phreservi.fi\/index.php?rest_route=%2Fwp%2Fv2%2Fcomments&post=25"}],"version-history":[{"count":8,"href":"https:\/\/www.phreservi.fi\/index.php?rest_route=\/wp\/v2\/pages\/25\/revisions"}],"predecessor-version":[{"id":385,"href":"https:\/\/www.phreservi.fi\/index.php?rest_route=\/wp\/v2\/pages\/25\/revisions\/385"}],"wp:attachment":[{"href":"https:\/\/www.phreservi.fi\/index.php?rest_route=%2Fwp%2Fv2%2Fmedia&parent=25"}],"curies":[{"name":"wp","href":"https:\/\/api.w.org\/{rel}","templated":true}]}}