{"id":22,"date":"2013-12-31T23:25:37","date_gmt":"2013-12-31T21:25:37","guid":{"rendered":"http:\/\/www.phreservi.fi\/?page_id=22"},"modified":"2022-04-27T21:41:09","modified_gmt":"2022-04-27T18:41:09","slug":"liity-jaseneksi","status":"publish","type":"page","link":"https:\/\/www.phreservi.fi\/?page_id=22","title":{"rendered":"Liity j\u00e4seneksi"},"content":{"rendered":"<p>P\u00e4ij\u00e4t-H\u00e4meen Reservipiirin j\u00e4senyhdistyksiin kuuluvat ovat samalla my\u00f6s piirin j\u00e4seni\u00e4. Voit liitty\u00e4 j\u00e4senyhdistyksiin alla olevien ohjeiden mukaisesti.<\/p>\n<p>Piirin reserviupseerikerhoihin voit liitty\u00e4 t\u00e4ytt\u00e4m\u00e4ll\u00e4 t\u00e4m\u00e4n\u00a0<a href=\"https:\/\/www.rul.fi\/jasenhakemus\/\">j\u00e4seneksiliittymislomakkeen<\/a>. Ilmoita lomakkeen asianomaisessa kohdassa mihin kerhoon haluat liitty\u00e4. Reserviupseerikerhoihin voi liitty\u00e4 suomalainen reserviupseeri. Reserviupseerikerhon j\u00e4senen\u00e4 olet samalla my\u00f6s\u00a0<a href=\"http:\/\/www.rul.fi\/\">Suomen Reserviupseeriliiton<\/a>\u00a0j\u00e4sen ja p\u00e4\u00e4set nauttimaan liiton\u00a0<a href=\"https:\/\/www.rul.fi\/jasenille\/jasenedut\/\">j\u00e4seneduista<\/a>. Osoitteenmuutoksen voi tehd\u00e4 t\u00e4ll\u00e4 samalla lomakkeella.<\/p>\n<p>Piirin reservil\u00e4iskerhoihin voit liitty\u00e4 t\u00e4ytt\u00e4m\u00e4ll\u00e4 t\u00e4m\u00e4n\u00a0<a href=\"https:\/\/www.reservilaisliitto.fi\/jasenille\/jasenhakulomake\/\">j\u00e4seneksiliittymislomakkeen<\/a>. Ilmoita lomakkeen asianomaisessa kohdassa mihin kerhoon haluat liitty\u00e4. J\u00e4seneksi voi liitty\u00e4 kuka tahansa t\u00e4ysi-ik\u00e4inen Suomen kansalainen, osaan kerhoista riitt\u00e4\u00e4 jo 15-vuoden ik\u00e4. Lis\u00e4ehtoina Lahden ja Nastolan kerhot edellytt\u00e4v\u00e4t varusmiespalveluksen suorittamista ja Artj\u00e4rven kerho edellytt\u00e4\u00e4 aliupseerin arvoa. Reservil\u00e4iskerhon j\u00e4senen\u00e4 olet samalla my\u00f6s <a href=\"http:\/\/www.reservilaisliitto.fi\/\">Reservil\u00e4isliiton<\/a>\u00a0j\u00e4sen ja p\u00e4\u00e4set nauttimaan liiton\u00a0<a href=\"http:\/\/www.reservilaisliitto.fi\/jasenedut\">j\u00e4seneduista<\/a>. Osoitteenmuutoksen voi tehd\u00e4 t\u00e4ll\u00e4 samalla lomakkeella.<\/p>\n<p>Tervetuloa mukaan toimintaan.<\/p>\n","protected":false},"excerpt":{"rendered":"<p>P\u00e4ij\u00e4t-H\u00e4meen Reservipiirin j\u00e4senyhdistyksiin kuuluvat ovat samalla my\u00f6s piirin j\u00e4seni\u00e4. Voit liitty\u00e4 j\u00e4senyhdistyksiin alla olevien ohjeiden mukaisesti. Piirin reserviupseerikerhoihin voit liitty\u00e4 t\u00e4ytt\u00e4m\u00e4ll\u00e4 t\u00e4m\u00e4n\u00a0j\u00e4seneksiliittymislomakkeen. Ilmoita lomakkeen asianomaisessa kohdassa mihin kerhoon haluat liitty\u00e4. Reserviupseerikerhoihin voi liitty\u00e4 suomalainen reserviupseeri. Reserviupseerikerhon j\u00e4senen\u00e4 olet samalla my\u00f6s\u00a0Suomen Reserviupseeriliiton\u00a0j\u00e4sen ja p\u00e4\u00e4set nauttimaan liiton\u00a0j\u00e4seneduista. Osoitteenmuutoksen voi tehd\u00e4 t\u00e4ll\u00e4 samalla lomakkeella. Piirin reservil\u00e4iskerhoihin voit liitty\u00e4 [&hellip;]<\/p>\n","protected":false},"author":1,"featured_media":0,"parent":0,"menu_order":0,"comment_status":"closed","ping_status":"closed","template":"","meta":{"footnotes":""},"_links":{"self":[{"href":"https:\/\/www.phreservi.fi\/index.php?rest_route=\/wp\/v2\/pages\/22"}],"collection":[{"href":"https:\/\/www.phreservi.fi\/index.php?rest_route=\/wp\/v2\/pages"}],"about":[{"href":"https:\/\/www.phreservi.fi\/index.php?rest_route=\/wp\/v2\/types\/page"}],"author":[{"embeddable":true,"href":"https:\/\/www.phreservi.fi\/index.php?rest_route=\/wp\/v2\/users\/1"}],"replies":[{"embeddable":true,"href":"https:\/\/www.phreservi.fi\/index.php?rest_route=%2Fwp%2Fv2%2Fcomments&post=22"}],"version-history":[{"count":8,"href":"https:\/\/www.phreservi.fi\/index.php?rest_route=\/wp\/v2\/pages\/22\/revisions"}],"predecessor-version":[{"id":1068,"href":"https:\/\/www.phreservi.fi\/index.php?rest_route=\/wp\/v2\/pages\/22\/revisions\/1068"}],"wp:attachment":[{"href":"https:\/\/www.phreservi.fi\/index.php?rest_route=%2Fwp%2Fv2%2Fmedia&parent=22"}],"curies":[{"name":"wp","href":"https:\/\/api.w.org\/{rel}","templated":true}]}}