{"id":16,"date":"2013-12-31T23:24:15","date_gmt":"2013-12-31T21:24:15","guid":{"rendered":"http:\/\/www.phreservi.fi\/?page_id=16"},"modified":"2026-02-25T20:03:57","modified_gmt":"2026-02-25T18:03:57","slug":"kilpailutulokset","status":"publish","type":"page","link":"https:\/\/www.phreservi.fi\/?page_id=16","title":{"rendered":"Kilpailutulokset"},"content":{"rendered":"<p>Ampuma- ja urheilukilpailuiden tulokset<\/p>\n<p><a href=\"http:\/\/www.phreservi.fi\/wp-content\/uploads\/PH_ilma_tulokset2026.pdf\">Piirin ilma-asemestaruus 2026<\/a><\/p>\n<p><a href=\"http:\/\/www.phreservi.fi\/wp-content\/uploads\/Falling-Plates-2025.pdf\">Piirin Falling plates mestaruus 2025<\/a><\/p>\n<p><a href=\"http:\/\/www.phreservi.fi\/wp-content\/uploads\/PHpistoolimestaruus2025.pdf\">Piirin pistoolimestaruus 2025<\/a><\/p>\n<p><a href=\"http:\/\/www.phreservi.fi\/wp-content\/uploads\/PH-SRA-tulokset-2025.pdf\">Piirin SRA-mestaruus ja SM-karsinta 2025<\/a><\/p>\n<p><a href=\"http:\/\/www.phreservi.fi\/wp-content\/uploads\/PH-RA-1-4-tulokset-2025.pdf\">Piirin RA1-RA4 mestaruus 2025<\/a><\/p>\n<p><a href=\"http:\/\/www.phreservi.fi\/wp-content\/uploads\/Paijat_hameen-res-piiri-ilma-tulokset-2025.pdf\">Piirin ilma-asemestaruus 2025<\/a><\/p>\n<p><a href=\"http:\/\/www.phreservi.fi\/wp-content\/uploads\/PHkivaarimestaruudet2024.pdf\">Piirin kiv\u00e4\u00e4rimestaruudet 2024<\/a><\/p>\n<p><a href=\"http:\/\/www.phreservi.fi\/wp-content\/uploads\/PH-pistoolimestaruus-2024.pdf\">Piirin pistoolimestaruus 2024<\/a><\/p>\n<p><a href=\"http:\/\/www.phreservi.fi\/wp-content\/uploads\/Tulokset-Falling-Plates-2024.pdf\">Piirin Falling plates mestaruus 2024<\/a><\/p>\n<p><a href=\"http:\/\/www.phreservi.fi\/wp-content\/uploads\/PHreservipiirin_pist_mestaruus2023.pdf\">Piirin pistoolimestaruus 2023<\/a><\/p>\n<p><a href=\"http:\/\/www.phreservi.fi\/wp-content\/uploads\/PH_falling_plates2023.pdf\">Piirin Falling plates mestaruus 2023<\/a><\/p>\n<p><a href=\"http:\/\/www.phreservi.fi\/wp-content\/uploads\/PHilmaase2023.pdf\">Piirin ilma-asemestaruus 2023<\/a><\/p>\n<p><a href=\"http:\/\/www.phreservi.fi\/wp-content\/uploads\/PHreservipiirinRA1_RA4mestaruus2022.pdf\">Piirin RA1-RA4 mestaruus 2022<\/a><\/p>\n<p><a href=\"http:\/\/www.phreservi.fi\/wp-content\/uploads\/PHreservipiirin_pist_mestaruus2022.pdf\">Piirin pistoolimestaruus 2022<\/a><\/p>\n<p><a href=\"http:\/\/www.phreservi.fi\/wp-content\/uploads\/PHres_FallingPlates2022.pdf\">Piirin Falling plates mestaruus 2022<\/a><\/p>\n<p><a href=\"http:\/\/www.phreservi.fi\/wp-content\/uploads\/phpiirin_sra_mestaruus2022.pdf\">Piirin SRA-mestaruus ja SM-karsinta 2022<\/a><\/p>\n<p><a href=\"http:\/\/www.phreservi.fi\/wp-content\/uploads\/PHres_pistoolimestaruusRA3_RA4_2021.pdf\">Piirin RA3 ja RA4 mestaruus 2021<\/a><\/p>\n<p><a href=\"http:\/\/www.phreservi.fi\/wp-content\/uploads\/PHFallingPlates2021.pdf\">Piirin Falling Plate -mestaruus 2021<\/a><\/p>\n<p><a href=\"http:\/\/www.phreservi.fi\/wp-content\/uploads\/PHrespiirin_kiv_mestaruus2021.pdf\">Piirin kiv\u00e4\u00e4rimestaruudet 2021<\/a><\/p>\n<p><a href=\"http:\/\/www.phreservi.fi\/wp-content\/uploads\/PHreservipiirin_pist_mestaruus2021.pdf\">Piirin pistoolimestaruudet 2021<\/a><\/p>\n<p><a href=\"https:\/\/www.phreservi.fi\/?page_id=860\">Reservin ampumamastaruus 2020<\/a><\/p>\n<p><a href=\"http:\/\/www.phreservi.fi\/wp-content\/uploads\/phRA1RA2mestaruus2020.pdf\">Piirin RA1 ja RA2 mestaruus 2020<\/a><\/p>\n<p><a href=\"http:\/\/www.phreservi.fi\/wp-content\/uploads\/phRA3RA4mestaruus2020.pdf\">Piirin RA3 ja RA4 mestaruus 2020<\/a><\/p>\n<p><a href=\"http:\/\/www.phreservi.fi\/wp-content\/uploads\/Falling-Plate-tulokset-2020.pdf\">Piirin Falling Plate -mestaruus 2020<\/a><\/p>\n<p><a href=\"http:\/\/www.phreservi.fi\/wp-content\/uploads\/phpistoolitulokset2020.pdf\">Piirin pistoolimestaruus 2020<\/a>\u00a0 \u00a0 <a href=\"http:\/\/www.phreservi.fi\/?page_id=907\">Kuvia kilpailusta<\/a><\/p>\n<p><a href=\"http:\/\/www.phreservi.fi\/wp-content\/uploads\/ph_ilmaase2020.pdf\">Piirin ilma-asemestaruus 2020<\/a><\/p>\n<p><a href=\"http:\/\/www.phreservi.fi\/wp-content\/uploads\/ph_palvelusasemestaruus2019.pdf\">Piirin palvelusasemestaruus 2019<\/a><\/p>\n<p><a href=\"http:\/\/www.phreservi.fi\/wp-content\/uploads\/phpistoolimestaruus2019.pdf\">Piirin pistoolimestaruus 2019<\/a><\/p>\n<p><a href=\"http:\/\/www.phreservi.fi\/wp-content\/uploads\/falling_plates2019_tulokset.pdf\">Piirin Falling Plate -mestaruus 2019<\/a><\/p>\n<p><a href=\"http:\/\/www.phreservi.fi\/wp-content\/uploads\/ph_ilma_ase2019.pdf\">Piirin ilma-asemestaruus 2019<\/a><\/p>\n<p><a href=\"http:\/\/www.phreservi.fi\/wp-content\/uploads\/phpistoolimestaruus2018.pdf\">Piirin pistoolimestaruus 2018<\/a><\/p>\n<p><a href=\"http:\/\/www.phreservi.fi\/wp-content\/uploads\/ph_palvelusasemestaruus2018.pdf\">Piirin palvelusasemestaruus 2018<\/a><\/p>\n<p><a href=\"http:\/\/www.phreservi.fi\/wp-content\/uploads\/ph_falling_plates_mestaruus2018.pdf\">Piirin Falling Plate -mestaruus 2018<\/a><\/p>\n<p><a href=\"http:\/\/www.phreservi.fi\/wp-content\/uploads\/ph_ilma_asecup2017.pdf\">Piirin ilma-asecup 2017<\/a><\/p>\n<p><a href=\"http:\/\/www.phreservi.fi\/wp-content\/uploads\/ph_pistoolimestaruus2017.pdf\">Piirin pistoolimestaruus 2017<\/a><\/p>\n<p><a href=\"http:\/\/www.phreservi.fi\/wp-content\/uploads\/ph_falling_plates2017.pdf\">Piirin Falling Plate -mestaruus 2017<\/a><\/p>\n<p><a href=\"http:\/\/www.phreservi.fi\/wp-content\/uploads\/ph_palvelusasemestaruus2017.pdf\">Piirin palvelusasemestaruus 2017<\/a><\/p>\n<p><a href=\"http:\/\/www.phreservi.fi\/wp-content\/uploads\/ph_sra_mestaruus2017.pdf\">Piirin SRA-mestaruus ja SM-karsinta 2017<\/a><\/p>\n<p><a href=\"http:\/\/www.phreservi.fi\/wp-content\/uploads\/ph_ilma_asemestaruus2017.pdf\">Piirin ilma-asemestaruus 2017<\/a><\/p>\n<p><a href=\"http:\/\/www.phreservi.fi\/wp-content\/uploads\/ph_palvelusasemestaruus2016.pdf\">Piirin palvelusasemestaruus 2016<\/a><\/p>\n<p><a href=\"http:\/\/www.phreservi.fi\/wp-content\/uploads\/ph_piiricup2016.pdf\">Piirin pistooli-Cup 2016<\/a><\/p>\n<p><a href=\"http:\/\/www.phreservi.fi\/wp-content\/uploads\/ph_pistoolimestaruus2016.pdf\">Piirin pistoolimestaruus 2016<\/a><\/p>\n<p><a href=\"http:\/\/www.phreservi.fi\/wp-content\/uploads\/ph_falling_plates2016.pdf\">Piirin Falling Plate -mestaruus 2016<\/a><\/p>\n<p><a href=\"http:\/\/www.phreservi.fi\/wp-content\/uploads\/ph_sra_mestaruus2016.pdf\">Piirin SRA-mestaruus ja SM-karsinta 2016<\/a><\/p>\n<p><a href=\"http:\/\/www.phreservi.fi\/wp-content\/uploads\/ph_piiricup2015.pdf\">Piirin pistooli-Cup 2015<\/a><\/p>\n<p><a href=\"http:\/\/www.phreservi.fi\/wp-content\/uploads\/ph_palvelusasemestaruus2015.pdf\">Piirin palvelusasemestaruus 2015<\/a><\/p>\n<p><a href=\"http:\/\/www.phreservi.fi\/wp-content\/uploads\/ph_pistoolimestaruus2015.pdf\">Piirin pistoolimestaruus 2015<\/a><\/p>\n<p><a href=\"http:\/\/www.phreservi.fi\/wp-content\/uploads\/ph_falling_plates2015.pdf\">Piirin Falling Plate -mestaruus 2015<\/a><\/p>\n<p><a href=\"http:\/\/www.phreservi.fi\/wp-content\/uploads\/ph_ilma_asemestaruus2015.pdf\">Piirin ilma-asemestaruus 2015<\/a><\/p>\n<p><a href=\"http:\/\/www.phreservi.fi\/wp-content\/uploads\/ph_palvelusammunta2014.pdf\">Piirin palvelusasemestaruus 2014<\/a><\/p>\n<p><a href=\"http:\/\/www.phreservi.fi\/wp-content\/uploads\/ph_pistoolimestaruus2014.pdf\">Piirin pistoolimestaruus 2014<\/a><\/p>\n<p><a href=\"http:\/\/www.phreservi.fi\/wp-content\/uploads\/ph_rescup2014.pdf\">Piirin pistooli-Cup 2014<\/a><\/p>\n<p><a href=\"http:\/\/www.phreservi.fi\/wp-content\/uploads\/ph_falling_plates2014.pdf\">Piirin Falling Plate mestaruus 2014<\/a><\/p>\n<p><a href=\"http:\/\/www.phreservi.fi\/wp-content\/uploads\/ph_perinnease2014.pdf\">Piirin perinneasemestaruus 2014<\/a><\/p>\n<p><a href=\"http:\/\/www.phreservi.fi\/wp-content\/uploads\/ph_sra_mestaruus2014.pdf\">Piirin SRA-mestaruus ja SM-karsinta 2014<\/a><\/p>\n<p><a href=\"http:\/\/www.phreservi.fi\/wp-content\/uploads\/ph_ilma_ase2014.pdf\">Piirin ilma-asemestaruus 2014<\/a><\/p>\n<p><a href=\"http:\/\/www.phreservi.fi\/wp-content\/uploads\/ph_pistoolicup2012.pdf\">Piirin pistooli-Cup 2012<\/a><\/p>\n<p><a href=\"http:\/\/www.phreservi.fi\/wp-content\/uploads\/ph_haulikko2012.pdf\">Piirin haulikkomestaruus 2012<\/a><\/p>\n<p><a href=\"http:\/\/www.phreservi.fi\/wp-content\/uploads\/ph_palvelusase2012.pdf\">Piirin palvelusasemestaruus 2012<\/a><\/p>\n<p><a href=\"http:\/\/www.phreservi.fi\/wp-content\/uploads\/ph_pistooli2012.pdf\">Piirin pistoolimestaruus 2012<\/a><\/p>\n<p><a href=\"http:\/\/www.phreservi.fi\/wp-content\/uploads\/ph_sra_mestaruus_2012.pdf\">Piirin SRA-mestaruus ja SM-karsinta 2012<\/a><\/p>\n<p><a href=\"http:\/\/www.phreservi.fi\/wp-content\/uploads\/ph_kenttaammunta2012.pdf\">Piirin kentt\u00e4ammuntamestaruus 2012<\/a><\/p>\n<p><a href=\"http:\/\/www.phreservi.fi\/wp-content\/uploads\/ph_fallingplate2012.pdf\">Piirin Falling Plate mestaruus 2012<\/a><\/p>\n<p><a href=\"http:\/\/www.phreservi.fi\/wp-content\/uploads\/ph_perinnease2012.pdf\">Piirin perinneasemestaruus 2012<\/a><\/p>\n<p><a href=\"http:\/\/www.phreservi.fi\/wp-content\/uploads\/ph_ilma-ase2012.pdf\">Piirin ilma-asemestaruus 2012<\/a><\/p>\n<p><a href=\"http:\/\/www.phreservi.fi\/wp-content\/uploads\/palvelusase2011.pdf\">Piirin palvelusasemestaruus 2011<\/a><\/p>\n<p><a href=\"http:\/\/www.phreservi.fi\/wp-content\/uploads\/ph_isopistooli2011.pdf\">Piirin isopistoolimestaruus 2011<\/a><\/p>\n<p><a href=\"http:\/\/www.phreservi.fi\/wp-content\/uploads\/pistooli_cup_2011.pdf\">Piirin pistooli-Cup 2011<\/a><\/p>\n<p><a href=\"http:\/\/www.phreservi.fi\/wp-content\/uploads\/sra_mestaruus_sm_karsinta2011.pdf\">Piirin SRA-mestaruus ja SM-karsinta 2011<\/a><\/p>\n<p><a href=\"http:\/\/www.phreservi.fi\/wp-content\/uploads\/kivaaripaivan_tulokset_2011.pdf\">Piirin kiv\u00e4\u00e4rimestaruus 2011<\/a><\/p>\n<p><a href=\"http:\/\/www.phreservi.fi\/wp-content\/uploads\/perinnease2011.pdf\">Piirin perinneasemestaruus 2011<\/a><\/p>\n<p><a href=\"http:\/\/www.phreservi.fi\/wp-content\/uploads\/ph_pistoolimestaruus2011.pdf\">Piirin pistoolimestaruus 2011<\/a><\/p>\n<p><a href=\"http:\/\/www.phreservi.fi\/wp-content\/uploads\/perinneaseammunnat_lahti_14_15_8_2010_tulokset.pdf\">ResUL:n perinneasemestaruus 2010<\/a><\/p>\n<p><a href=\"http:\/\/www.phreservi.fi\/wp-content\/uploads\/pistooli_cup2010.pdf\">Piirin pistooli-Cup 2010<\/a><\/p>\n<p><a href=\"http:\/\/www.phreservi.fi\/wp-content\/uploads\/ph_perinnemest2010.pdf\">Piirin perinneasemestaruus 2010<\/a><\/p>\n<p><a href=\"http:\/\/www.phreservi.fi\/wp-content\/uploads\/ph_sra_mestaruus2010.pdf\">Piirin SRA-mestaruus ja SM-karsinta 2010<\/a><\/p>\n<p><a href=\"http:\/\/www.phreservi.fi\/wp-content\/uploads\/ph_pistooli_kivaariampumamestaruuskilpailut2010.pdf\">Piirin pistooli- ja kiv\u00e4\u00e4rimestaruus 2010<\/a><\/p>\n<p><a href=\"http:\/\/www.phreservi.fi\/wp-content\/uploads\/piirin_palvelusaseammunta_2010.pdf\">Piirin palvelusasemestaruus 2010<\/a><\/p>\n<p><a href=\"http:\/\/www.phreservi.fi\/wp-content\/uploads\/ph_kenttaammunta2010.pdf\">Piirin kentt\u00e4ammuntamestaruus 2010<\/a><\/p>\n<p><a href=\"http:\/\/www.phreservi.fi\/wp-content\/uploads\/ph_piirin_ilma_asekilpailut_2010.pdf\">Piirin ilma-asekilpailut, Orimattila, 24.1.2010<\/a><\/p>\n<p><a href=\"http:\/\/www.phreservi.fi\/wp-content\/uploads\/resmest_total.pdf\">Reservil\u00e4isliiton ampumamestaruuskilpailut, H\u00e4lv\u00e4l\u00e4, 22.-23.8.2009, pistooli ja kiv\u00e4\u00e4ri<\/a><\/p>\n<p><a href=\"http:\/\/www.phreservi.fi\/wp-content\/uploads\/res_ra7_kentta_tulokset.pdf\">Reservil\u00e4isliiton ampumamestaruuskilpailut, H\u00e4lv\u00e4l\u00e4, 22.-23.8.2009, RA7 ja kentt\u00e4ammunta<\/a><\/p>\n<p><a href=\"http:\/\/www.phreservi.fi\/wp-content\/uploads\/kivaarimestaruus2009.pdf\">Piirin kiv\u00e4\u00e4rimestaruus 2009<\/a><\/p>\n<p><a href=\"http:\/\/www.phreservi.fi\/wp-content\/uploads\/perinneasekisa_piiri_09.pdf\">Piirin perinneasemestaruuskilpailut 2009<\/a><\/p>\n<p><a href=\"http:\/\/www.phreservi.fi\/wp-content\/uploads\/kenttaammunta2009.pdf\">Piirin kentt\u00e4ammuntamestaruus 2009<\/a><\/p>\n<p><a href=\"http:\/\/www.phreservi.fi\/wp-content\/uploads\/spolcup2_2009.pdf\">Spol Cup 2\/2009<\/a><\/p>\n<p><a href=\"http:\/\/www.phreservi.fi\/wp-content\/uploads\/pistoolipv_6_6_2009.pdf\">Piirin pistoolimestaruus 2009<\/a><\/p>\n<p><a href=\"http:\/\/www.phreservi.fi\/wp-content\/uploads\/sra_mestaruus_2009.pdf\">Piirin SRA-mestaruus ja SM-karsinta 2009<\/a><\/p>\n<p><a href=\"http:\/\/www.phreservi.fi\/wp-content\/uploads\/palvelusaseammunnat_piiri_09_tark.pdf\">Piirin palvelusasemestaruus 2009<\/a><\/p>\n<p><a href=\"http:\/\/www.phreservi.fi\/wp-content\/uploads\/falling_plate_2009.pdf\">Piirin Falling Plate mestaruus 2009<\/a><\/p>\n<p><a href=\"http:\/\/www.phreservi.fi\/wp-content\/uploads\/spol_cup_1_2009.pdf\">Spol Cup &#8211; Marksman &#8211; SRA-Pime\u00e4ammuntakilpailu 7.2.2009<\/a><\/p>\n<p><a href=\"http:\/\/www.phreservi.fi\/wp-content\/uploads\/pistoolicup08lahtisysma.pdf\">CUP-ammunta 2008 Lahti-Sysm\u00e4<\/a><\/p>\n<p><a href=\"http:\/\/www.phreservi.fi\/wp-content\/uploads\/sra_mestaruus2008.pdf\">Piirin SRA-mestaruus 2008<\/a><\/p>\n<p><a href=\"http:\/\/www.phreservi.fi\/wp-content\/uploads\/piirimestaruus2008_palveluskivaari.pdf\">Piirin palveluskiv\u00e4\u00e4rimestaruus 2008<\/a><\/p>\n<p><a href=\"http:\/\/www.phreservi.fi\/wp-content\/uploads\/piirimestaruus2008_palveluspistooli.pdf\">Piirin palveluspistoolimestaruus 2008<\/a><\/p>\n<p><a href=\"http:\/\/www.phreservi.fi\/wp-content\/uploads\/piirimestaruus2008_perinnekivaari.pdf\">Piirin perinnekiv\u00e4\u00e4rimestaruus 300m 2008<\/a><\/p>\n<p><a href=\"http:\/\/www.phreservi.fi\/wp-content\/uploads\/lopputuloksetperinnease08kivaari1.pdf\">Piirin perinnekiv\u00e4\u00e4rimestaruus kentt\u00e4ammunta 2008<\/a><\/p>\n<p><a href=\"http:\/\/www.phreservi.fi\/wp-content\/uploads\/lopputuloksetperinnease08kivaari2.pdf\">Piirin perinnekiv\u00e4\u00e4rimestaruus kolmiasento 2008<\/a><\/p>\n<p><a href=\"http:\/\/www.phreservi.fi\/wp-content\/uploads\/lopputuloksetperinnease08pistooli.pdf\">Piirin perinnepistoolimestaruus 2008<\/a><\/p>\n","protected":false},"excerpt":{"rendered":"<p>Ampuma- ja urheilukilpailuiden tulokset Piirin ilma-asemestaruus 2026 Piirin Falling plates mestaruus 2025 Piirin pistoolimestaruus 2025 Piirin SRA-mestaruus ja SM-karsinta 2025 Piirin RA1-RA4 mestaruus 2025 Piirin ilma-asemestaruus 2025 Piirin kiv\u00e4\u00e4rimestaruudet 2024 Piirin pistoolimestaruus 2024 Piirin Falling plates mestaruus 2024 Piirin pistoolimestaruus 2023 Piirin Falling plates mestaruus 2023 Piirin ilma-asemestaruus 2023 Piirin RA1-RA4 mestaruus 2022 Piirin pistoolimestaruus [&hellip;]<\/p>\n","protected":false},"author":1,"featured_media":0,"parent":0,"menu_order":0,"comment_status":"closed","ping_status":"closed","template":"","meta":{"footnotes":""},"_links":{"self":[{"href":"https:\/\/www.phreservi.fi\/index.php?rest_route=\/wp\/v2\/pages\/16"}],"collection":[{"href":"https:\/\/www.phreservi.fi\/index.php?rest_route=\/wp\/v2\/pages"}],"about":[{"href":"https:\/\/www.phreservi.fi\/index.php?rest_route=\/wp\/v2\/types\/page"}],"author":[{"embeddable":true,"href":"https:\/\/www.phreservi.fi\/index.php?rest_route=\/wp\/v2\/users\/1"}],"replies":[{"embeddable":true,"href":"https:\/\/www.phreservi.fi\/index.php?rest_route=%2Fwp%2Fv2%2Fcomments&post=16"}],"version-history":[{"count":44,"href":"https:\/\/www.phreservi.fi\/index.php?rest_route=\/wp\/v2\/pages\/16\/revisions"}],"predecessor-version":[{"id":1310,"href":"https:\/\/www.phreservi.fi\/index.php?rest_route=\/wp\/v2\/pages\/16\/revisions\/1310"}],"wp:attachment":[{"href":"https:\/\/www.phreservi.fi\/index.php?rest_route=%2Fwp%2Fv2%2Fmedia&parent=16"}],"curies":[{"name":"wp","href":"https:\/\/api.w.org\/{rel}","templated":true}]}}