{"id":13,"date":"2013-12-31T23:23:33","date_gmt":"2013-12-31T21:23:33","guid":{"rendered":"http:\/\/www.phreservi.fi\/?page_id=13"},"modified":"2018-05-02T10:28:00","modified_gmt":"2018-05-02T07:28:00","slug":"ammunta","status":"publish","type":"page","link":"https:\/\/www.phreservi.fi\/?page_id=13","title":{"rendered":"Ammunta"},"content":{"rendered":"<p><strong>P\u00e4ij\u00e4t-H\u00e4meen Reservipiirin\u00a0ammuntatapahtumat l\u00f6yd\u00e4t\u00a0<a href=\"http:\/\/www.phreservi.fi\/?page_id=141\">Tapahtumat<\/a>-sivulta.<\/strong><\/p>\n<p>Piirin ampumatoiminnasta saat lis\u00e4tietoja oman yhdistyksesi ampumavastaavilta. Piirin ampumatoimintaa johtaa ampumavastaava Marko Patrakka, markopatrakka at phnet.fi, 050-557 0761.<\/p>\n<p><a href=\"http:\/\/resul.fi\/kilpailut\/kilpailukalenteri\/\">ResUL kilpailukalenteri 2018<\/a><\/p>\n<p><a href=\"http:\/\/ipscfin.sporttisaitti.com\/tapahtumat\/\">SAL Practical kilpailukalenteri<\/a><\/p>\n<p>ResUL:n ampumalajien s\u00e4\u00e4nn\u00f6t l\u00f6ytyv\u00e4t\u00a0<a href=\"http:\/\/resul.fi\/saannot\/\">t\u00e4\u00e4lt\u00e4<\/a>.<\/p>\n<p><strong>Hollolan H\u00e4lv\u00e4l\u00e4n ampumaratojen k\u00e4ytt\u00f6<\/strong><\/p>\n<p>H\u00e4lv\u00e4l\u00e4n ampumaratoja hallinnoi nyky\u00e4\u00e4n <a href=\"https:\/\/www.haukry.fi\/\">H\u00e4lv\u00e4l\u00e4n Ampumaurheilukeskus ry eli HAUK ry (www.haukry.fi)<\/a>. Lue t\u00e4st\u00e4 <a href=\"http:\/\/www.phreservi.fi\/wp-content\/uploads\/Halvalan-ampumaradan-valvontavuorot-ja-ratojen-kaytto-2018.pdf\">ratojen k\u00e4ytt\u00f6ajat ja -maksut sek\u00e4 toimintaohjeet<\/a>.<\/p>\n","protected":false},"excerpt":{"rendered":"<p>P\u00e4ij\u00e4t-H\u00e4meen Reservipiirin\u00a0ammuntatapahtumat l\u00f6yd\u00e4t\u00a0Tapahtumat-sivulta. Piirin ampumatoiminnasta saat lis\u00e4tietoja oman yhdistyksesi ampumavastaavilta. Piirin ampumatoimintaa johtaa ampumavastaava Marko Patrakka, markopatrakka at phnet.fi, 050-557 0761. ResUL kilpailukalenteri 2018 SAL Practical kilpailukalenteri ResUL:n ampumalajien s\u00e4\u00e4nn\u00f6t l\u00f6ytyv\u00e4t\u00a0t\u00e4\u00e4lt\u00e4. Hollolan H\u00e4lv\u00e4l\u00e4n ampumaratojen k\u00e4ytt\u00f6 H\u00e4lv\u00e4l\u00e4n ampumaratoja hallinnoi nyky\u00e4\u00e4n H\u00e4lv\u00e4l\u00e4n Ampumaurheilukeskus ry eli HAUK ry (www.haukry.fi). Lue t\u00e4st\u00e4 ratojen k\u00e4ytt\u00f6ajat ja -maksut sek\u00e4 toimintaohjeet.<\/p>\n","protected":false},"author":1,"featured_media":0,"parent":0,"menu_order":0,"comment_status":"closed","ping_status":"closed","template":"","meta":{"footnotes":""},"_links":{"self":[{"href":"https:\/\/www.phreservi.fi\/index.php?rest_route=\/wp\/v2\/pages\/13"}],"collection":[{"href":"https:\/\/www.phreservi.fi\/index.php?rest_route=\/wp\/v2\/pages"}],"about":[{"href":"https:\/\/www.phreservi.fi\/index.php?rest_route=\/wp\/v2\/types\/page"}],"author":[{"embeddable":true,"href":"https:\/\/www.phreservi.fi\/index.php?rest_route=\/wp\/v2\/users\/1"}],"replies":[{"embeddable":true,"href":"https:\/\/www.phreservi.fi\/index.php?rest_route=%2Fwp%2Fv2%2Fcomments&post=13"}],"version-history":[{"count":31,"href":"https:\/\/www.phreservi.fi\/index.php?rest_route=\/wp\/v2\/pages\/13\/revisions"}],"predecessor-version":[{"id":661,"href":"https:\/\/www.phreservi.fi\/index.php?rest_route=\/wp\/v2\/pages\/13\/revisions\/661"}],"wp:attachment":[{"href":"https:\/\/www.phreservi.fi\/index.php?rest_route=%2Fwp%2Fv2%2Fmedia&parent=13"}],"curies":[{"name":"wp","href":"https:\/\/api.w.org\/{rel}","templated":true}]}}