{"id":10,"date":"2013-12-31T23:22:42","date_gmt":"2013-12-31T21:22:42","guid":{"rendered":"http:\/\/www.phreservi.fi\/?page_id=10"},"modified":"2021-05-04T22:39:00","modified_gmt":"2021-05-04T19:39:00","slug":"kerhot","status":"publish","type":"page","link":"https:\/\/www.phreservi.fi\/?page_id=10","title":{"rendered":"Kerhot"},"content":{"rendered":"<p>P\u00e4ij\u00e4t-H\u00e4meen Reservipiiriin kuuluvat seuraavat yhdistykset.<\/p>\n<ul>\n<li>Artj\u00e4rven Reservinaliupseerit ry<\/li>\n<li>Asikkalan Reserviupseerit ry<\/li>\n<li><a href=\"https:\/\/asikkalan-reservilaiset.reservilaisliitto.fi\/\">Asikkalan Reservil\u00e4iset ry<\/a><\/li>\n<li>Hartolan Reserviupseerikerho ry<\/li>\n<li><a href=\"https:\/\/hartolan-reservilaiset.reservilaisliitto.fi\/\">Hartolan Reservil\u00e4iset ry<\/a><\/li>\n<li><a href=\"http:\/\/www.rul.fi\/heinola\">Heinolan Reserviupseerit ry<\/a><\/li>\n<li><a href=\"https:\/\/heinolan-reservilaiset.reservilaisliitto.fi\/\">Heinolan Reservil\u00e4iset ry<\/a><\/li>\n<li><a href=\"http:\/\/www.rul.fi\/hollola\/\">Hollolan Reserviupseerikerho ry<\/a><\/li>\n<li>Koski HL:n Reserviupseerit ry<\/li>\n<li>K\u00e4rk\u00f6l\u00e4n Reserviupseerit ry<\/li>\n<li><a href=\"http:\/\/www.lahdenreserviupseerikerho.fi\/\">Lahden Reserviupseerikerho ry<\/a><\/li>\n<li><a href=\"http:\/\/lres.fi\">Lahden Reservil\u00e4iset ry<\/a><\/li>\n<li><a href=\"http:\/\/www.rul.fi\/nastola\/\">Nastolan Reserviupseerikerho ry<\/a>\u00a0<a href=\"http:\/\/www.reservilaisliitto.fi\/liitto\/piirit_ja_yhdistykset\/sivustot\/nastolan_reservilaiset\/\"><br \/>\n<\/a><\/li>\n<li><a href=\"https:\/\/nastolan-reservilaiset.reservilaisliitto.fi\/\">Nastolan Reservil\u00e4iset ry<\/a><\/li>\n<li><a href=\"https:\/\/www.rul.fi\/orimattila\/\">Orimattilan Reserviupseerikerho ry<\/a><\/li>\n<li><a href=\"https:\/\/orimattilan-reservilaiset.reservilaisliitto.fi\/\">Orimattilan Reservil\u00e4iset ry<\/a><\/li>\n<li>Padasjoen Reserviupseerit ry<\/li>\n<li><a href=\"https:\/\/padasjoen-reservilaiset.reservilaisliitto.fi\/\">Padasjoen Reservil\u00e4iset ry<\/a><\/li>\n<li>Sysm\u00e4n Reserviupseerit ry<\/li>\n<li><a href=\"https:\/\/sysman-reservilaiset.reservilaisliitto.fi\/\">Sysm\u00e4n Reservil\u00e4iset ry<\/a><\/li>\n<\/ul>\n","protected":false},"excerpt":{"rendered":"<p>P\u00e4ij\u00e4t-H\u00e4meen Reservipiiriin kuuluvat seuraavat yhdistykset. Artj\u00e4rven Reservinaliupseerit ry Asikkalan Reserviupseerit ry Asikkalan Reservil\u00e4iset ry Hartolan Reserviupseerikerho ry Hartolan Reservil\u00e4iset ry Heinolan Reserviupseerit ry Heinolan Reservil\u00e4iset ry Hollolan Reserviupseerikerho ry Koski HL:n Reserviupseerit ry K\u00e4rk\u00f6l\u00e4n Reserviupseerit ry Lahden Reserviupseerikerho ry Lahden Reservil\u00e4iset ry Nastolan Reserviupseerikerho ry\u00a0 Nastolan Reservil\u00e4iset ry Orimattilan Reserviupseerikerho ry Orimattilan Reservil\u00e4iset ry Padasjoen [&hellip;]<\/p>\n","protected":false},"author":1,"featured_media":0,"parent":0,"menu_order":0,"comment_status":"closed","ping_status":"closed","template":"","meta":{"footnotes":""},"_links":{"self":[{"href":"https:\/\/www.phreservi.fi\/index.php?rest_route=\/wp\/v2\/pages\/10"}],"collection":[{"href":"https:\/\/www.phreservi.fi\/index.php?rest_route=\/wp\/v2\/pages"}],"about":[{"href":"https:\/\/www.phreservi.fi\/index.php?rest_route=\/wp\/v2\/types\/page"}],"author":[{"embeddable":true,"href":"https:\/\/www.phreservi.fi\/index.php?rest_route=\/wp\/v2\/users\/1"}],"replies":[{"embeddable":true,"href":"https:\/\/www.phreservi.fi\/index.php?rest_route=%2Fwp%2Fv2%2Fcomments&post=10"}],"version-history":[{"count":11,"href":"https:\/\/www.phreservi.fi\/index.php?rest_route=\/wp\/v2\/pages\/10\/revisions"}],"predecessor-version":[{"id":984,"href":"https:\/\/www.phreservi.fi\/index.php?rest_route=\/wp\/v2\/pages\/10\/revisions\/984"}],"wp:attachment":[{"href":"https:\/\/www.phreservi.fi\/index.php?rest_route=%2Fwp%2Fv2%2Fmedia&parent=10"}],"curies":[{"name":"wp","href":"https:\/\/api.w.org\/{rel}","templated":true}]}}